{"id":2168,"date":"2022-01-28T11:24:34","date_gmt":"2022-01-28T11:24:34","guid":{"rendered":"https:\/\/clairetool.com\/cokies\/"},"modified":"2022-01-28T11:33:04","modified_gmt":"2022-01-28T11:33:04","slug":"cokies","status":"publish","type":"page","link":"https:\/\/clairetool.com\/pt-pt\/cokies\/","title":{"rendered":"Cokies"},"content":{"rendered":"\t\t<div data-elementor-type=\"wp-page\" data-elementor-id=\"2168\" class=\"elementor elementor-2168 elementor-2156\" data-elementor-post-type=\"page\">\n\t\t\t\t\t\t<section class=\"has_eae_slider elementor-section elementor-top-section elementor-element elementor-element-fb5f8f3 elementor-section-boxed elementor-section-height-default elementor-section-height-default\" data-eae-slider=\"50023\" data-id=\"fb5f8f3\" data-element_type=\"section\">\n\t\t\t\t\t\t<div class=\"elementor-container elementor-column-gap-default\">\n\t\t\t\t\t<div class=\"has_eae_slider elementor-column elementor-col-100 elementor-top-column elementor-element elementor-element-1d9660b\" data-eae-slider=\"43848\" data-id=\"1d9660b\" data-element_type=\"column\">\n\t\t\t<div class=\"elementor-widget-wrap elementor-element-populated\">\n\t\t\t\t\t\t<div class=\"elementor-element elementor-element-4eb40dd elementor-widget elementor-widget-text-editor\" data-id=\"4eb40dd\" data-element_type=\"widget\" data-widget_type=\"text-editor.default\">\n\t\t\t\t<div class=\"elementor-widget-container\">\n\t\t\t\t\t\t\t\t\t<h1>Cookies<\/h1>\n<ol>\n<li><strong><u>O que s\u00e3o cookies?<\/u><\/strong><\/li>\n<\/ol>\n<p>O site <a href=\"http:\/\/www.clairetool.com\">*.clairetool.com<\/a> (doravante o Site) usa cookies. Cookies s\u00e3o arquivos enviados a um navegador por meio de um servidor web para registar as atividades do utilizador num determinado site. O primeiro objetivo dos Cookies \u00e9 fornecer ao utilizador um acesso mais r\u00e1pido aos servi\u00e7os selecionados. Al\u00e9m disso, os Cookies personalizam os servi\u00e7os oferecidos pelo Site, facilitando e oferecendo a cada utilizador informa\u00e7\u00f5es que sejam do seu interesse ou que possam ser do seu interesse, com base no uso dos Servi\u00e7os.<\/p>\n<p>O Site usa Cookies para personalizar e facilitar ao m\u00e1ximo a navega\u00e7\u00e3o do utilizador. Os cookies associam-se apenas a um utilizador an\u00f3nimo e ao seu computador e n\u00e3o fornecem refer\u00eancias que permitam deduzir os dados pessoais do utilizador. O utilizador pode configurar seu navegador para notificar e rejeitar a instala\u00e7\u00e3o de Cookies enviados pelo Site, sem que isso afete a capacidade do utilizador de aceder aos conte\u00fados do referido Site. No entanto, ressaltamos que, em qualquer caso, a qualidade de funcionamento do site pode diminuir.<\/p>\n<p>Os utilizadores registados, que se registem ou efetuem login, poder\u00e3o beneficiar de servi\u00e7os mais personalizados e orientados para o seu perfil, gra\u00e7as \u00e0 combina\u00e7\u00e3o dos dados armazenados em cookies com os dados pessoais utilizados no momento do registo. Estes utilizadores autorizam expressamente a utiliza\u00e7\u00e3o desta informa\u00e7\u00e3o para a finalidade indicada, sem preju\u00edzo do seu direito de rejeitar ou de desativar a utiliza\u00e7\u00e3o de cookies.<\/p>\n<p>Da mesma forma, o Site poder\u00e1 conhecer todos os servi\u00e7os solicitados pelos utilizadores, para que possam facilitar ou oferecer informa\u00e7\u00f5es adequadas aos gostos e prefer\u00eancias de cada utilizador.<\/p>\n<p><\/p>\n<ol start=\"2\">\n<li><strong><u>Que tipos de cookies existem?<\/u><\/strong><\/li>\n<\/ol>\n<p>Para mais informa\u00e7\u00f5es ao utilizador sobre o tipo e uso de cookies, informamos que:<\/p>\n<p>Do ponto de vista da <strong>&#8216;vida \u00fatil&#8217; do cookie<\/strong> (tempo que o cookie permanece ativo no nosso computador) podemos diferenciar os cookies entre:<\/p>\n<ul>\n<li><strong>Cookies de Sess\u00e3o:<\/strong> s\u00e3o cookies tempor\u00e1rios que permanecem no arquivo de cookies do seu navegador at\u00e9 sair do Website, pelo que nenhum deles fica registado no disco r\u00edgido do utilizador. A informa\u00e7\u00e3o obtida atrav\u00e9s destes cookies \u00e9 utilizada para analisar os padr\u00f5es de tr\u00e1fego na web. Em \u00faltima an\u00e1lise, isso permite-nos fornecer uma experi\u00eancia mais adequada, melhorando o conte\u00fado e tornando-o mais f\u00e1cil de utilizar.<\/li>\n<li><strong>Cookies permanentes:<\/strong> s\u00e3o armazenados no disco r\u00edgido e o nosso site l\u00ea-os cada vez que faz uma nova visita. Um cookie permanente tem uma determinada data de validade. O cookie deixar\u00e1 de funcionar ap\u00f3s essa data. Estes s\u00e3o utilizados, geralmente, para facilitar os servi\u00e7os de compra e registo.<\/li>\n<\/ul>\n<p><\/p>\n<p>Do ponto de vista <strong>do uso de cada cookie<\/strong>, podemos diferenciar entre:<\/p>\n<ul>\n<li><strong>Cookies obrigat\u00f3rios:<\/strong> s\u00e3o cookies estritamente necess\u00e1rios, como por exemplo, aqueles que servem para proporcionar uma navega\u00e7\u00e3o correta, ou aqueles que permitem o pagamento de bens ou servi\u00e7os solicitados pelo utilizador, ou cookies que servem para garantir que o conte\u00fado da p\u00e1gina web seja carregado adquadamente.<\/li>\n<\/ul>\n<p>Dentro da categoria de cookies obrigat\u00f3rios tamb\u00e9m pode encontrar cookies com as seguintes finalidades:<\/p>\n<ul>\n<li>Permitir apenas a comunica\u00e7\u00e3o entre o equipamento do utilizador e a rede.<\/li>\n<li>Prestar estritamente um servi\u00e7o expressamente solicitado pelo utilizador.<\/li>\n<\/ul>\n<p>Nestes dois casos, informamos que a informa\u00e7\u00e3o e o consentimento do utilizador n\u00e3o s\u00e3o necess\u00e1rios para a instala\u00e7\u00e3o dos cookies mencionados. Especificamente, de acordo com o Grupo de Trabalho de Peritos da UE, no artigo 29 do seu Parecer 4\/20123 foi interpretado que entre os cookies exclu\u00eddos estariam aqueles cuja finalidade \u00e9:<\/p>\n<ul>\n<li>Cookies de \u201centrada do utilizador\u201d<\/li>\n<li>Cookies de autentica\u00e7\u00e3o ou identifica\u00e7\u00e3o do utilizador (somente in\u00edcio de sess\u00e3o)<\/li>\n<li>Cookies de seguran\u00e7a do utilizador<\/li>\n<li>Cookies de sess\u00e3o do media player<\/li>\n<li>Cookies de sess\u00e3o para gest\u00e3o de conte\u00fados<\/li>\n<li>Cookies de personaliza\u00e7\u00e3o da interface do utilizador<\/li>\n<li>Complementar cookies (plug-in) para troca de conte\u00fado social<\/li>\n<\/ul>\n<p><strong>Para todos os outros cookies obrigat\u00f3rios n\u00e3o inclu\u00eddos nas premissas acima, eles exigir\u00e3o informa\u00e7\u00f5es pr\u00e9vias e o consentimento do usu\u00e1rio.<\/strong><\/p>\n<ul>\n<li><strong>Cookies funcionais:<\/strong> s\u00e3o cookies que ajudam o utilizador a ter uma melhor experi\u00eancia de navega\u00e7\u00e3o no site. Um exemplo do uso deste tipo de cookies s\u00e3o aqueles usados para armazenar os dados de navega\u00e7\u00e3o de um determinado idioma.<\/li>\n<li><strong>Cookies anal\u00edticos:<\/strong> s\u00e3o cookies que nos permitem analisar a utiliza\u00e7\u00e3o do Site, para que possamos medir e melhorar o seu funcionamento.<\/li>\n<li><strong>Cookies de Publicidade e de Terceiros:<\/strong> s\u00e3o os cookies utilizados pelas redes sociais, ou por complementos de conte\u00fados externos como o Google Maps, bem como cookies de empresas de publicidade para publicar an\u00fancios relevantes para os seus interesses.<\/li>\n<li>CLERIGO &amp; LOPES, LDA. guarda todas as informa\u00e7\u00f5es recolhidas atrav\u00e9s de Cookies num formato n\u00e3o personalizado (endere\u00e7o IP). Este tipo de informa\u00e7\u00e3o obtida atrav\u00e9s de Cookies n\u00e3o ser\u00e1 divulgada fora da CLERIGO &amp; LOPES, LDA, nem utilizada para comunica\u00e7\u00f5es n\u00e3o solicitadas.<\/li>\n<\/ul>\n<p><strong>Privacidade adequada \u2013 Gest\u00e3o de cookies:<\/strong><\/p>\n<p>Caso o utilizador deseje, o registo de cookies poder\u00e1 estar sujeito \u00e0 aceita\u00e7\u00e3o durante a instala\u00e7\u00e3o ou atualiza\u00e7\u00e3o do navegador utilizado. O utilizador pode revogar a sua aceita\u00e7\u00e3o a qualquer momento atrav\u00e9s das op\u00e7\u00f5es de configura\u00e7\u00e3o de conte\u00fado e privacidade dispon\u00edveis em cada navegador. No entanto, se o utilizador n\u00e3o permitir a instala\u00e7\u00e3o de cookies no seu navegador, poder\u00e1 n\u00e3o conseguir aceder a nenhuma das sec\u00e7\u00f5es do nosso website.<\/p>\n<p>Para obter mais informa\u00e7\u00f5es sobre a configura\u00e7\u00e3o adequada de cookies e as op\u00e7\u00f5es de ativa\u00e7\u00e3o, restri\u00e7\u00e3o e\/ou desativa\u00e7\u00e3o, deve aceder \u00e0 se\u00e7\u00e3o de ajuda do seu navegador para saber mais:<\/p>\n<ul>\n<li>Mais informa\u00e7\u00f5es sobre como bloquear o uso de cookies no Google Chrome<\/li>\n<li>Mais informa\u00e7\u00f5es sobre como bloquear o uso de cookies no Firefox<\/li>\n<li>Mais informa\u00e7\u00f5es sobre como bloquear o uso de cookies no Safari<\/li>\n<li>Mais informa\u00e7\u00f5es sobre como bloquear o uso de cookies no Blackberry<\/li>\n<li>Mais informa\u00e7\u00f5es sobre como bloquear o uso de cookies no WindowsPhone<\/li>\n<\/ul>\n<p>Muitos navegadores permitem que ative um modo privado pelo qual os cookies s\u00e3o sempre eliminados ap\u00f3s a sua visita. Dependendo de cada navegador, esse modo privado pode ter nomes diferentes. Abaixo encontrar\u00e1 uma lista dos navegadores mais comuns e os diferentes nomes deste \u201cmodo privado\u201d:<\/p>\n<ul>\n<li>Internet Explorer 8 e superior; Em particular<\/li>\n<li>Safari 2 e superior; Navega\u00e7\u00e3o privada<\/li>\n<li>Opera 10.5 e superior; Navega\u00e7\u00e3o privada<\/li>\n<li>FireFox 3.5 e superior; Navega\u00e7\u00e3o privada<\/li>\n<li>Google Chrome 10 e superior; Inc\u00f3gnito<\/li>\n<\/ul>\n<ul>\n<li>Para saber mais sobre os cookies do Google Analytics e como cancel\u00e1-los, visite <a href=\"https:\/\/policies.google.com\/privacy?hl=es-419#infodelete\">https:\/\/policies.google.com\/privacy?hl=es-419#infodelete<\/a><\/li>\n<\/ul>\n<ol start=\"3\">\n<li><strong><u>Que cookies usamos?<\/u><\/strong><\/li>\n<\/ol>\n<p>Um cookie \u00e9 uma pequena por\u00e7\u00e3o de dados (arquivos de texto) que um site, quando visitado por um utilizador, solicita que o seu navegador armazene no seu dispositivo para recordar algumas informa\u00e7\u00f5es sobre o utilizador, como a prefer\u00eancia de idioma ou as suas informa\u00e7\u00f5es de login. Esses cookies s\u00e3o definidos por n\u00f3s e s\u00e3o chamados de cookies prim\u00e1rios. Tamb\u00e9m usamos cookies de terceiros (que s\u00e3o cookies de um dom\u00ednio diferente do dom\u00ednio do site que est\u00e1 a visitar) para a nossa pesquisa de publicidade e de marketing. Especificamente, usamos cookies e outras tecnologias de rastreio para os seguintes prop\u00f3sitos:<\/p>\n<p><\/p>\n<p><strong>Cookies dirigidos<\/strong><\/p>\n<p>Esses cookies podem estar em todo o site, colocados pelos nossos parceiros de publicidade. Essas empresas podem utiliz\u00e1-los para criar um perfil dos seus interesses e mostrar an\u00fancios relevantes noutros sites. Eles n\u00e3o armazenam informa\u00e7\u00f5es pessoais diretamente, mas s\u00e3o baseados na identifica\u00e7\u00e3o exclusiva do seu navegador e dispositivo de acesso \u00e0 Internet. Se n\u00e3o permitir esses cookies, ter\u00e1 menos publicidade dirigida.<\/p>\n<p><\/p>\n<p>[Google Analytics &#8211; ga_]<br><\/p>\n<p><\/p>\n<p><strong>Cookies de funcionalidade<\/strong><\/p>\n<p>Esses cookies permitem que o site ofere\u00e7a melhor funcionalidade e personaliza\u00e7\u00e3o. Podem ser definidos por n\u00f3s ou por terceiros cujos servi\u00e7os adicionamos \u00e0s nossas p\u00e1ginas. Se n\u00e3o permitir esses cookies, alguns de nossos servi\u00e7os n\u00e3o funcionar\u00e3o corretamente.<\/p>\n<p><\/p>\n<p>[No cookies]<br><\/p>\n<p><\/p>\n<p><strong>Cookies de desempenho<\/strong><\/p>\n<p>Esses cookies permitem contar visitas e fontes de tr\u00e1fego para que possamos medir e melhorar o desempenho do nosso site. Ajudam a saber que p\u00e1ginas s\u00e3o as mais ou menos populares e a ver quantas pessoas visitam o site. Todas as informa\u00e7\u00f5es que esses cookies recolhem s\u00e3o agregadas e, portanto, an\u00f3nimas. Se n\u00e3o permitir esses cookies, n\u00e3o poderemos saber quando visitou nosso site.<\/p>\n<p><\/p>\n<p>[No cookies]<br><\/p>\n<p><\/p>\n<p><strong>Cookies estritamente necess\u00e1rios<\/strong><\/p>\n<p>Esses cookies s\u00e3o necess\u00e1rios para o funcionamento do site e n\u00e3o podem ser desativados nos nossos sistemas. Geralmente s\u00e3o configurados para responder a a\u00e7\u00f5es realizadas por si para receber servi\u00e7os, como ajustar suas prefer\u00eancias de privacidade, fazer login no site ou preencher formul\u00e1rios. Pode configurar o seu navegador para bloquear ou alert\u00e1-lo sobre a presen\u00e7a desses cookies, mas algumas partes do site n\u00e3o funcionar\u00e3o corretamente. Estes cookies n\u00e3o armazenam nenhuma informa\u00e7\u00e3o de identifica\u00e7\u00e3o pessoal.<\/p>\n<p><\/p>\n<p>[No cookies]<br><\/p>\n<ol start=\"4\">\n<li><strong><u>Pode haver altera\u00e7\u00f5es na Pol\u00edtica de Cookies?<\/u><\/strong><\/li>\n<\/ol>\n<p>O Site pode modificar esta Pol\u00edtica de Cookies com base em requisitos legislativos ou regulamentares, ou para adaptar a referida pol\u00edtica \u00e0s instru\u00e7\u00f5es emitidas pelo Parlamento Europeu, relativas \u00e0 prote\u00e7\u00e3o de pessoas singulares no que diz respeito ao tratamento de dados pessoais e \u00e0 livre circula\u00e7\u00e3o destes data (RGPD), por isso aconselha-se os utilizadores a visit\u00e1-lo periodicamente.<\/p>\n<p>Quando ocorrerem altera\u00e7\u00f5es significativas nesta Pol\u00edtica de Cookies, os utilizadores ser\u00e3o notificados pela web ou por e-mail aos utilizadores registados.<\/p>\n<p><\/p>\n<p><\/p>\t\t\t\t\t\t\t\t<\/div>\n\t\t\t\t<\/div>\n\t\t\t\t\t<\/div>\n\t\t<\/div>\n\t\t\t\t\t<\/div>\n\t\t<\/section>\n\t\t\t\t<\/div>\n\t\t","protected":false},"excerpt":{"rendered":"<p>Cookies O que s\u00e3o cookies? O site *.clairetool.com (doravante o Site) usa cookies. Cookies s\u00e3o arquivos enviados a um navegador por meio de um servidor web para registar as atividades do utilizador num determinado site. O primeiro objetivo dos Cookies \u00e9 fornecer ao utilizador um acesso mais r\u00e1pido aos servi\u00e7os selecionados. Al\u00e9m disso, os Cookies&hellip;<\/p>\n","protected":false},"author":1,"featured_media":0,"parent":0,"menu_order":0,"comment_status":"closed","ping_status":"closed","template":"","meta":{"footnotes":""},"class_list":["post-2168","page","type-page","status-publish","hentry"],"_links":{"self":[{"href":"https:\/\/clairetool.com\/pt-pt\/wp-json\/wp\/v2\/pages\/2168","targetHints":{"allow":["GET"]}}],"collection":[{"href":"https:\/\/clairetool.com\/pt-pt\/wp-json\/wp\/v2\/pages"}],"about":[{"href":"https:\/\/clairetool.com\/pt-pt\/wp-json\/wp\/v2\/types\/page"}],"author":[{"embeddable":true,"href":"https:\/\/clairetool.com\/pt-pt\/wp-json\/wp\/v2\/users\/1"}],"replies":[{"embeddable":true,"href":"https:\/\/clairetool.com\/pt-pt\/wp-json\/wp\/v2\/comments?post=2168"}],"version-history":[{"count":4,"href":"https:\/\/clairetool.com\/pt-pt\/wp-json\/wp\/v2\/pages\/2168\/revisions"}],"predecessor-version":[{"id":2177,"href":"https:\/\/clairetool.com\/pt-pt\/wp-json\/wp\/v2\/pages\/2168\/revisions\/2177"}],"wp:attachment":[{"href":"https:\/\/clairetool.com\/pt-pt\/wp-json\/wp\/v2\/media?parent=2168"}],"curies":[{"name":"wp","href":"https:\/\/api.w.org\/{rel}","templated":true}]}}