{"id":2119,"date":"2021-12-02T10:41:31","date_gmt":"2021-12-02T10:41:31","guid":{"rendered":"https:\/\/clairetool.com\/aviso-legal\/"},"modified":"2022-01-28T11:18:05","modified_gmt":"2022-01-28T11:18:05","slug":"aviso-legal","status":"publish","type":"page","link":"https:\/\/clairetool.com\/pt-pt\/aviso-legal\/","title":{"rendered":"Aviso Legal"},"content":{"rendered":"\t\t<div data-elementor-type=\"wp-page\" data-elementor-id=\"2119\" class=\"elementor elementor-2119 elementor-2111\" data-elementor-post-type=\"page\">\n\t\t\t\t\t\t<section class=\"has_eae_slider elementor-section elementor-top-section elementor-element elementor-element-00e4a1e elementor-section-boxed elementor-section-height-default elementor-section-height-default\" data-eae-slider=\"71734\" data-id=\"00e4a1e\" data-element_type=\"section\">\n\t\t\t\t\t\t<div class=\"elementor-container elementor-column-gap-default\">\n\t\t\t\t\t<div class=\"has_eae_slider elementor-column elementor-col-100 elementor-top-column elementor-element elementor-element-df62a36\" data-eae-slider=\"57645\" data-id=\"df62a36\" data-element_type=\"column\">\n\t\t\t<div class=\"elementor-widget-wrap elementor-element-populated\">\n\t\t\t\t\t\t<div class=\"elementor-element elementor-element-4a302db elementor-widget elementor-widget-text-editor\" data-id=\"4a302db\" data-element_type=\"widget\" data-widget_type=\"text-editor.default\">\n\t\t\t\t<div class=\"elementor-widget-container\">\n\t\t\t\t\t\t\t\t\t<h1>AVISO LEGAL<\/h1><p>\u00a0<\/p><p>A titularidade deste website, <a href=\"http:\/\/www.clairetool.com\">*.clairetool.com<\/a>, (doravante, Website) \u00e9 detida por: CL\u00c9RIGO &amp; LOPES, LDA. (doravante A empresa), com o NIF: 516373838 e registada em: Conservat\u00f3ria do Registo Comercial R.N.P.C. (Portugal), cujo representante \u00e9: Rafael Cl\u00e9rigo Gon\u00e7alves, e cujos contactos s\u00e3o:<\/p><p>\u00a0<\/p><p>Morada:<\/p><p>Rua Rog\u00e9rio Figueiroa Rego, 153, 1 Dto<\/p><p>2565-814 &#8211; Turcifal; Torres Vedras (Portugal)<\/p><p>Telefone de contacto: +351 261 404 802<\/p><p>E-mail de contato: <a href=\"mailto:info@clairetool.com\">info@clairetool.com<\/a><\/p><p>\u00a0<\/p><ol><li>com \u00e9 uma plataforma de aplica\u00e7\u00f5es web que fornece ferramentas de c\u00e1lculo para auxiliar os profissionais de sa\u00fade visual (Utilizador) na adapta\u00e7\u00e3o de lentes de contato especiais. Para a presta\u00e7\u00e3o de servi\u00e7os de c\u00e1lculo e assist\u00eancia t\u00e9cnica virtual, \u00e9 necess\u00e1ria a compra pr\u00e9via de cr\u00e9ditos\/tokens que permitem o acesso e a posterior utiliza\u00e7\u00e3o destas aplica\u00e7\u00f5es web.<\/li><\/ol><p>\u00a0<\/p><ol start=\"2\"><li>As presentes condi\u00e7\u00f5es gerais de venda s\u00e3o acordadas entre a CL\u00c9RIGO &amp; LOPES, LDA., com sede em RUA ROG\u00c9RIO FIGUEIROA REGO, N.\u00ba 153, 1\u00ba DTO, 2565-814 TURCIFAL (TORRES VEDRAS &#8211; PORTUGAL), NIF 516 373 838 e contacto +351 261 404 802, doravante denominada &#8220;EMPRESA&#8221; e as pessoas que pretendam efetuar compras atrav\u00e9s do Website doravante denominadas &#8220;Utilizador&#8221;.<\/li><\/ol><p>\u00a0<\/p><ol start=\"3\"><li>As partes concordam que as compras realizadas atrav\u00e9s do Website ser\u00e3o regidas exclusivamente por este contrato, excluindo as condi\u00e7\u00f5es anteriormente dispon\u00edveis no Website.<\/li><\/ol><p>\u00a0<\/p><p>Da mesma forma, sendo a atividade exercida pela empresa uma atividade regulamentada, afirma-se que, como tal, est\u00e1 na posse de:<\/p><p>\u00a0<\/p><p>Licenciatura em Optometria e Ci\u00eancias da Vis\u00e3o pela Universidade do Minho (Portugal), Mestrado em Adapta\u00e7\u00e3o Avan\u00e7ada de Lentes de Contato pela Universidade de Val\u00eancia e outras forma\u00e7\u00f5es espec\u00edficas relacionadas com a especializa\u00e7\u00e3o constante em Contactologia Avan\u00e7ada.<\/p><p>N\u00famero de filia\u00e7\u00e3o no Col\u00e9gio Nacional de \u00d3ticos-Optometristas de Espanha: 19.459<\/p><p>\u00a0<\/p><p>A empresa est\u00e1 aderida ao: C\u00f3digo de \u00c9tica dos \u00d3ticos-Optometristas (Espanha) cuja aprova\u00e7\u00e3o \u00e9 dada pelo seguinte \u00f3rg\u00e3o: Col\u00e9gio Nacional de \u00d3pticos-Optometristas e que pode ser consultado no site: <a href=\"https:\/\/www.cnoo.es\/codigo-deontologico\">https:\/\/www.cnoo.es\/codigo-deontologico<\/a>.<\/p>\t\t\t\t\t\t\t\t<\/div>\n\t\t\t\t<\/div>\n\t\t\t\t\t<\/div>\n\t\t<\/div>\n\t\t\t\t\t<\/div>\n\t\t<\/section>\n\t\t\t\t<\/div>\n\t\t","protected":false},"excerpt":{"rendered":"<p>AVISO LEGAL \u00a0 A titularidade deste website, *.clairetool.com, (doravante, Website) \u00e9 detida por: CL\u00c9RIGO &amp; LOPES, LDA. (doravante A empresa), com o NIF: 516373838 e registada em: Conservat\u00f3ria do Registo Comercial R.N.P.C. (Portugal), cujo representante \u00e9: Rafael Cl\u00e9rigo Gon\u00e7alves, e cujos contactos s\u00e3o: \u00a0 Morada: Rua Rog\u00e9rio Figueiroa Rego, 153, 1 Dto 2565-814 &#8211; Turcifal;&hellip;<\/p>\n","protected":false},"author":1,"featured_media":0,"parent":0,"menu_order":0,"comment_status":"closed","ping_status":"closed","template":"","meta":{"footnotes":""},"class_list":["post-2119","page","type-page","status-publish","hentry"],"_links":{"self":[{"href":"https:\/\/clairetool.com\/pt-pt\/wp-json\/wp\/v2\/pages\/2119","targetHints":{"allow":["GET"]}}],"collection":[{"href":"https:\/\/clairetool.com\/pt-pt\/wp-json\/wp\/v2\/pages"}],"about":[{"href":"https:\/\/clairetool.com\/pt-pt\/wp-json\/wp\/v2\/types\/page"}],"author":[{"embeddable":true,"href":"https:\/\/clairetool.com\/pt-pt\/wp-json\/wp\/v2\/users\/1"}],"replies":[{"embeddable":true,"href":"https:\/\/clairetool.com\/pt-pt\/wp-json\/wp\/v2\/comments?post=2119"}],"version-history":[{"count":4,"href":"https:\/\/clairetool.com\/pt-pt\/wp-json\/wp\/v2\/pages\/2119\/revisions"}],"predecessor-version":[{"id":2143,"href":"https:\/\/clairetool.com\/pt-pt\/wp-json\/wp\/v2\/pages\/2119\/revisions\/2143"}],"wp:attachment":[{"href":"https:\/\/clairetool.com\/pt-pt\/wp-json\/wp\/v2\/media?parent=2119"}],"curies":[{"name":"wp","href":"https:\/\/api.w.org\/{rel}","templated":true}]}}