{"id":1824,"date":"2021-04-19T12:13:11","date_gmt":"2021-04-19T12:13:11","guid":{"rendered":"https:\/\/devweb.clairetool.com\/politica-de-privacidade\/"},"modified":"2022-02-14T11:56:08","modified_gmt":"2022-02-14T11:56:08","slug":"politica-de-privacidade","status":"publish","type":"page","link":"https:\/\/clairetool.com\/pt-pt\/politica-de-privacidade\/","title":{"rendered":"Pol\u00edtica de privacidade"},"content":{"rendered":"\t\t<div data-elementor-type=\"wp-page\" data-elementor-id=\"1824\" class=\"elementor elementor-1824 elementor-3\" data-elementor-post-type=\"page\">\n\t\t\t\t\t\t<section class=\"has_eae_slider elementor-section elementor-top-section elementor-element elementor-element-c3d6117 elementor-section-boxed elementor-section-height-default elementor-section-height-default\" data-eae-slider=\"79974\" data-id=\"c3d6117\" data-element_type=\"section\">\n\t\t\t\t\t\t<div class=\"elementor-container elementor-column-gap-default\">\n\t\t\t\t\t<div class=\"has_eae_slider elementor-column elementor-col-100 elementor-top-column elementor-element elementor-element-e85e2d2\" data-eae-slider=\"2255\" data-id=\"e85e2d2\" data-element_type=\"column\">\n\t\t\t<div class=\"elementor-widget-wrap elementor-element-populated\">\n\t\t\t\t\t\t<div class=\"elementor-element elementor-element-be4a5d9 elementor-widget elementor-widget-text-editor\" data-id=\"be4a5d9\" data-element_type=\"widget\" data-widget_type=\"text-editor.default\">\n\t\t\t\t<div class=\"elementor-widget-container\">\n\t\t\t\t\t\t\t\t\t<h1>POL\u00cdTICA DE PRIVACIDADE E PROTE\u00c7\u00c3O DE DADOS<\/h1>\n<p><\/p>\n<p>Respeitando o disposto na legisla\u00e7\u00e3o em vigor, a empresa compromete-se a adotar as medidas t\u00e9cnicas e organizativas necess\u00e1rias, de acordo com o n\u00edvel de seguran\u00e7a adequado ao risco dos dados recolhidos.<\/p>\n<p><\/p>\n<p><strong>Leis incorporadas nesta pol\u00edtica de privacidade<\/strong><\/p>\n<p>Esta pol\u00edtica de privacidade est\u00e1 adaptada aos regulamentos europeus atuais sobre a prote\u00e7\u00e3o de dados pessoais na Internet. Especificamente, respeita as seguintes regras:<\/p>\n<ul>\n<li>Regulamento (UE) 2016\/679 do Parlamento Europeu e do Conselho, de 27 de abril de 2016, relativo \u00e0 prote\u00e7\u00e3o das pessoas singulares no que respeita ao tratamento de dados pessoais e \u00e0 livre circula\u00e7\u00e3o desses dados (RGPD) .<\/li>\n<\/ul>\n<p><strong>Identidade A Empresa de dados pessoais<\/strong><\/p>\n<p>A empresa dos dados pessoais recolhidos em A Empresa \u00e9: CL\u00c9RIGO &amp; LOPES, LDA., cujo representante \u00e9: Rafael Cl\u00e9rigo Gon\u00e7alves (doravante, tamb\u00e9m Gestor de Dados). Os seus contactos s\u00e3o os seguintes:<\/p>\n<p>Morada:<\/p>\n<p>Rua Rog\u00e9rio Figueiroa Rego, 153, 1 Dto<\/p>\n<p>2565-814 &#8211; Turcifal; Torres Vedras (Portugal)<\/p>\n<p>Telefone de contacto: +351 261 404 802<\/p>\n<p>E-mail de contato: <a href=\"mailto:info@clairetool.com\">info@clairetool.com<\/a><\/p>\n<p><\/p>\n<p><strong>Registo de Dados Pessoais<\/strong><\/p>\n<p>Os dados pessoais recolhidos pela empresa, atrav\u00e9s dos formul\u00e1rios das suas p\u00e1ginas, ser\u00e3o inseridos num ficheiro automatizado sob a responsabilidade da empresa.<\/p>\n<p><\/p>\n<p><\/p>\n<p><strong>Princ\u00edpios aplic\u00e1veis ao tratamento de dados pessoais<\/strong><\/p>\n<ul>\n<li>O tratamento dos dados pessoais do Utilizador estar\u00e1 sujeito aos seguintes princ\u00edpios constantes do artigo 5.\u00ba do RGPD:<\/li>\n<li>Princ\u00edpio da legalidade, lealdade e transpar\u00eancia: ser\u00e1 sempre necess\u00e1rio o consentimento do Utilizador antes de ser dada uma informa\u00e7\u00e3o totalmente transparente sobre as finalidades para as quais os dados pessoais s\u00e3o recolhidos.<\/li>\n<li>Princ\u00edpio da limita\u00e7\u00e3o da finalidade: os dados pessoais ser\u00e3o recolhidos para fins espec\u00edficos, expl\u00edcitos e leg\u00edtimos.<\/li>\n<li>Princ\u00edpio da minimiza\u00e7\u00e3o dos dados: os dados pessoais recolhidos s\u00f3 ser\u00e3o estritamente necess\u00e1rios em rela\u00e7\u00e3o \u00e0s finalidades para as quais s\u00e3o tratados.<\/li>\n<li>Princ\u00edpio da exatid\u00e3o: os dados pessoais devem ser exatos e sempre atualizados.<\/li>\n<li>Princ\u00edpio da limita\u00e7\u00e3o do prazo de conserva\u00e7\u00e3o: os dados pessoais apenas ser\u00e3o mantidos de forma a permitir a identifica\u00e7\u00e3o do Utilizador pelo tempo necess\u00e1rio para efeitos do seu tratamento.<\/li>\n<li>Princ\u00edpio da integridade e confidencialidade: os dados pessoais ser\u00e3o tratados de forma a garantir a sua seguran\u00e7a e confidencialidade.<\/li>\n<li>Princ\u00edpio da responsabilidade proativa: A empresa ser\u00e1 respons\u00e1vel por garantir que os princ\u00edpios acima sejam respeitados.<\/li>\n<\/ul>\n<p><\/p>\n<p><strong>Categorias de dados pessoais<\/strong><\/p>\n<p>As categorias de dados que s\u00e3o tratados na empresa s\u00e3o apenas dados de identifica\u00e7\u00e3o e t\u00e9cnicos. Em nenhum caso s\u00e3o tratadas categorias especiais de dados pessoais na ace\u00e7\u00e3o do artigo 9.\u00ba do RGPD.<\/p>\n<p><\/p>\n\n<p><\/p>\n<p><\/p>\n<p><\/p>\n<p><\/p>\n<p><\/p>\n<p><strong>Base legal para o tratamento de dados pessoais<\/strong><\/p>\n<p>A base legal para o processamento de dados pessoais \u00e9 o consentimento. A empresa compromete-se a obter o consentimento expresso e verific\u00e1vel do Utilizador para o tratamento dos seus dados pessoais para uma ou mais finalidades espec\u00edficas.<\/p>\n<p>O Utilizador ter\u00e1 o direito de retirar seu consentimento a qualquer momento. Ser\u00e1 t\u00e3o f\u00e1cil retirar o consentimento quanto d\u00e1-lo. A retirada do consentimento poder\u00e1 condicionar a utiliza\u00e7\u00e3o do Site.<\/p>\n<p>Nas ocasi\u00f5es em que o Utilizador deva ou possa fornecer seus dados por meio de formul\u00e1rios para fazer consultas, solicitar informa\u00e7\u00f5es ou por motivos relacionados ao conte\u00fado do Site, ser\u00e1 informado se o preenchimento de algum deles \u00e9 obrigat\u00f3rio, pois s\u00e3o essenciais para o bom desenvolvimento da opera\u00e7\u00e3o realizada.<\/p>\n<p><\/p>\n<p><strong>Finalidades do tratamento a que se destinam os dados pessoais<\/strong><\/p>\n<p>Os dados pessoais s\u00e3o recolhidos e geridos pela empresa para poder facilitar, agilizar e cumprir os compromissos estabelecidos entre o Site e o Utilizador ou, a manuten\u00e7\u00e3o da rela\u00e7\u00e3o estabelecida nos formul\u00e1rios que este preenche ou para atender a um pedido ou inqu\u00e9rito.<\/p>\n<p>Da mesma forma, os dados poder\u00e3o ser utilizados para fins comerciais, de personaliza\u00e7\u00e3o, operacionais e estat\u00edsticos, e atividades do objeto social da empresa, bem como para a extra\u00e7\u00e3o, armazenamento de dados e estudos de marketing para adapta\u00e7\u00e3o do Conte\u00fado oferecido ao Utilizador, bem como como melhorar a qualidade, opera\u00e7\u00e3o e navega\u00e7\u00e3o do Site.<\/p>\n<p>No momento da obten\u00e7\u00e3o dos dados pessoais, o Utilizador ser\u00e1 informado sobre a finalidade ou finalidades espec\u00edficas do tratamento a que os dados pessoais s\u00e3o sujeitos; ou seja, a utiliza\u00e7\u00e3o que ser\u00e1 dada \u00e0s informa\u00e7\u00f5es recolhidas.<\/p>\n<p><\/p>\n<p><strong>Per\u00edodos de reten\u00e7\u00e3o de dados pessoais<\/strong><\/p>\n<p>Os dados pessoais apenas ser\u00e3o conservados pelo tempo m\u00ednimo necess\u00e1rio para efeitos do seu tratamento, ou at\u00e9 que o Utilizador solicite a sua elimina\u00e7\u00e3o.<\/p>\n<p>No momento da obten\u00e7\u00e3o dos dados pessoais, o Utilizador ser\u00e1 informado sobre o per\u00edodo durante o qual os dados pessoais ser\u00e3o conservados ou, quando tal n\u00e3o for poss\u00edvel, os crit\u00e9rios utilizados para determinar esse per\u00edodo.<\/p>\n<p><\/p>\n<p><\/p>\n<p><\/p>\n<p><strong>Destinat\u00e1rios de dados pessoais<\/strong><\/p>\n<p>Os dados pessoais do Utilizador n\u00e3o ser\u00e3o partilhados com terceiros.<\/p>\n<p>Em qualquer caso, no momento da obten\u00e7\u00e3o dos dados pessoais, o Utilizador ser\u00e1 informado sobre os destinat\u00e1rios ou sobre as categorias de destinat\u00e1rios dos seus dados pessoais.<\/p>\n<p><\/p>\n<p><strong>Dados pessoais de menores<\/strong><\/p>\n<p>Respeitando o disposto nos artigos 8.\u00ba do RGPD e 13.\u00ba do RDLOPD, apenas os maiores de 14 anos podem dar o seu consentimento para o tratamento dos seus dados pessoais de forma l\u00edcita pela empresa. Se for menor de 14 anos, ser\u00e1 necess\u00e1rio o consentimento dos pais ou respons\u00e1veis para o tratamento dos seus dados, e este s\u00f3 ser\u00e1 considerado l\u00edcito na medida em que aqueles o autorizem.<\/p>\n<p><\/p>\n<p><strong>Sigilo e seguran\u00e7a dos dados pessoais<\/strong><\/p>\n<p>A empresa compromete-se a adotar as medidas t\u00e9cnicas e organizativas necess\u00e1rias, de acordo com o n\u00edvel de seguran\u00e7a adequado ao risco dos dados recolhidos, de forma a garantir a seguran\u00e7a dos dados pessoais e evitar a destrui\u00e7\u00e3o, perda ou altera\u00e7\u00e3o acidental ou transmiss\u00e3o il\u00edcita dos dados pessoais fornecidos, armazenados ou processados de outra forma, ou a comunica\u00e7\u00e3o ou o acesso n\u00e3o autorizado a esses dados.<\/p>\n<p>No entanto, porque a empresa n\u00e3o pode garantir a inexpugnabilidade da Internet ou a total aus\u00eancia de hackers, ou outros que acedam de forma fraudulenta aos dados pessoais, a empresa compromete-se a notificar o Utilizador sem demora injustificada quando uma viola\u00e7\u00e3o da seguran\u00e7a dos dados pessoais que possa implicar um risco elevado para os direitos e liberdades das pessoas singulares. De acordo com o disposto no artigo 4.\u00ba do RGPD, entende-se por viola\u00e7\u00e3o da seguran\u00e7a dos dados pessoais qualquer viola\u00e7\u00e3o da seguran\u00e7a que provoque a destrui\u00e7\u00e3o, perda ou altera\u00e7\u00e3o acidental ou il\u00edcita dos dados pessoais transmitidos, armazenados ou de outra forma tratados, ou a comunica\u00e7\u00e3o n\u00e3o autorizada ou acesso a esses dados.<\/p>\n<p>Os dados pessoais ser\u00e3o tratados como confidenciais pela empresa, que se compromete a informar e garantir atrav\u00e9s de uma obriga\u00e7\u00e3o legal ou contratual que essa confidencialidade seja respeitada pelos seus colaboradores, associados e qualquer pessoa a quem a informa\u00e7\u00e3o seja disponibilizada.<\/p>\n<p><\/p>\n<p><strong>&nbsp; <br><\/strong><\/p>\n<p><strong>Direitos derivados do tratamento de dados pessoais<\/strong><\/p>\n<p>O Utilizador pode exercer contra a Empresa os seguintes direitos reconhecidos no RGPD:<\/p>\n<ul>\n<li><em><u>Direito de acesso:<\/u><\/em> \u00c9 o direito do Utilizador obter a confirma\u00e7\u00e3o se a empresa est\u00e1 a tratar ou n\u00e3o os seus dados pessoais e, em caso afirmativo, obter informa\u00e7\u00e3o sobre os seus dados pessoais espec\u00edficos e o tratamento que a empresa realizou ou realiza assim como, entre outras, a informa\u00e7\u00e3o dispon\u00edvel sobre a origem dos referidos dados e os destinat\u00e1rios das comunica\u00e7\u00f5es realizadas ou planeadas para os mesmos.<\/li>\n<li><em><u>Direito de retifica\u00e7\u00e3o:<\/u><\/em> \u00c9 o direito do Utilizador modificar os seus dados pessoais que se mostrem inexatos ou, tendo em conta as finalidades do tratamento, incompletos.<\/li>\n<li><em><u>Direito de elimina\u00e7\u00e3o (&#8220;o direito a ser esquecido&#8221;):<\/u><\/em> \u00c9 o direito do Utilizador, desde que a legisla\u00e7\u00e3o em vigor n\u00e3o estabele\u00e7a de outra forma, obter a elimina\u00e7\u00e3o dos seus dados pessoais quando estes j\u00e1 n\u00e3o forem necess\u00e1rios para os fins a que se destinam, quer tenham sido recolhidos ou tratados; o Utilizador retirou o seu consentimento para o tratamento e este n\u00e3o tem outra base legal; o Utilizador op\u00f5e-se ao tratamento e n\u00e3o h\u00e1 outro motivo leg\u00edtimo para continuar; os dados pessoais foram processados ilegalmente; os dados pessoais devem ser apagados em cumprimento de uma obriga\u00e7\u00e3o legal; ou os dados pessoais foram obtidos como resultado de uma oferta direta de servi\u00e7os da sociedade da informa\u00e7\u00e3o a uma crian\u00e7a menor de 14 anos. Para al\u00e9m da elimina\u00e7\u00e3o dos dados, a empresa, tendo em conta a tecnologia dispon\u00edvel e o custo da sua aplica\u00e7\u00e3o, deve tomar as medidas razo\u00e1veis para informar os respons\u00e1veis pelo tratamento dos dados pessoais do pedido do interessado para eliminar qualquer liga\u00e7\u00e3o a esses dados.<\/li>\n<li><em><u>Direito \u00e0 limita\u00e7\u00e3o do tratamento:<\/u><\/em> \u00c9 o direito do Utilizador limitar o tratamento dos seus dados pessoais. O Utilizador tem o direito de obter a limita\u00e7\u00e3o do tratamento quando contestar a exatid\u00e3o dos seus dados pessoais; o processamento \u00e9 ilegal; A empresa n\u00e3o precisa mais dos dados pessoais, mas o Utilizador precisa deles para fazer reclama\u00e7\u00f5es; e quando o Utilizador se opuser ao tratamento.<\/li>\n<li><em><u>Direito \u00e0 portabilidade dos dados:<\/u><\/em> Caso o tratamento seja efetuado por meios automatizados, o Utilizador ter\u00e1 o direito de receber da empresa os seus dados pessoais em formato estruturado, de uso comum e leitura mec\u00e2nica, e transmiti-los a outra pessoa respons\u00e1vel pelo tratamento. Sempre que tecnicamente poss\u00edvel, a empresa transmitir\u00e1 os dados diretamente a esse outro respons\u00e1vel.<\/li>\n<li><em><u>Direito de oposi\u00e7\u00e3o:<\/u><\/em> \u00c9 direito do Utilizador n\u00e3o proceder ao tratamento dos seus dados pessoais ou cessar o tratamento dos mesmos pela empresa.<\/li>\n<li><em><u>Direito de n\u00e3o ser objeto de uma decis\u00e3o baseada exclusivamente no tratamento automatizado, incluindo a defini\u00e7\u00e3o de perfis:<\/u><\/em> \u00c9 direito do Utilizador n\u00e3o ser objeto de uma decis\u00e3o individualizada baseada exclusivamente no tratamento automatizado de seus dados pessoais, incluindo a elabora\u00e7\u00e3o de perfis existentes, salvo se a legisla\u00e7\u00e3o em vigor estabelecer o contr\u00e1rio.<\/li>\n<\/ul>\n<p>Assim, o Utilizador poder\u00e1 exercer os seus direitos mediante comunica\u00e7\u00e3o escrita dirigida \u00e0 empresa com a refer\u00eancia &#8220;RGPD-www.clairetool.com&#8221;, especificando:<\/p>\n<ul>\n<li>Nome, apelidos do Utilizador e c\u00f3pia do BI\/cart\u00e3o do cidad\u00e3o. Nos casos em que seja admitida a representa\u00e7\u00e3o, ser\u00e1 tamb\u00e9m necess\u00e1ria a identifica\u00e7\u00e3o pelo mesmo meio da pessoa que representa o Utilizador, bem como o documento comprovativo da representa\u00e7\u00e3o. A fotoc\u00f3pia do BI\/cart\u00e3o do cidad\u00e3o poder\u00e1 ser substitu\u00edda por qualquer outro meio legalmente v\u00e1lido que comprove a identidade.<\/li>\n<li>Pedido com os motivos espec\u00edficos do pedido ou informa\u00e7\u00e3o a que pretende aceder.<\/li>\n<li>Morada para fins de notifica\u00e7\u00e3o.<\/li>\n<li>Data e assinatura do requerente.<\/li>\n<li>Qualquer documento que comprove a solicita\u00e7\u00e3o efetuada.<\/li>\n<\/ul>\n<p>Esta solicita\u00e7\u00e3o e qualquer outro documento anexado podem ser enviados para o seguinte endere\u00e7o e\/ou e-mail:<\/p>\n<p>Endere\u00e7o postal:<\/p>\n<p>Rua Rog\u00e9rio Figueiroa Rego, 153, 1 Dto<\/p>\n<p>2565-814 &#8211; Turcifal; Torres Vedras (Portugal)<\/p>\n<p>E-mail de contato: <a href=\"mailto:dataprotection@clairetool.com\">dataprotection@clairetool.com<\/a><\/p>\n<p><\/p>\n<p><\/p>\n<p><strong>Links para sites de terceiros<\/strong><\/p>\n<p>O Site (<a href=\"https:\/\/clairetool.com\/\">https:\/\/clairetool.com\/<\/a> e <a href=\"https:\/\/app.clairetool.com\/\">https:\/\/app.clairetool.com\/<\/a>) pode incluir hiperliga\u00e7\u00f5es ou links (como, entre outros, links, banners, bot\u00f5es) que permitem o acesso a p\u00e1ginas web de diferentes parceiros da empresa e, portanto, n\u00e3o s\u00e3o operados por esta. A instala\u00e7\u00e3o destes links, diret\u00f3rios e motores de busca no Site destina-se a facilitar aos Utilizadores a procura e o acesso \u00e0 informa\u00e7\u00e3o dispon\u00edvel na Internet, sem que esta seja considerada uma sugest\u00e3o, recomenda\u00e7\u00e3o ou convite para a sua visita. Os propriet\u00e1rios desses sites ter\u00e3o as suas pr\u00f3prias pol\u00edticas de prote\u00e7\u00e3o de dados, sendo eles pr\u00f3prios, em cada caso, respons\u00e1veis por seus pr\u00f3prios arquivos e as suas pr\u00f3prias pol\u00edticas de privacidade.<\/p>\n<p><\/p>\n<p><strong>Reclama\u00e7\u00f5es perante a autoridade reguladora<\/strong><\/p>\n<p>Caso o Utilizador considere que existe um problema ou viola\u00e7\u00e3o das normas vigentes na forma como os seus dados pessoais est\u00e3o a ser tratados, ter\u00e1 direito a uma prote\u00e7\u00e3o judicial efetiva e a apresentar uma reclama\u00e7\u00e3o junto da autoridade reguladora, nomeadamente, no Estado onde tem a sua resid\u00eancia habitual, local de trabalho ou local da suposta infra\u00e7\u00e3o.<\/p>\n<p><\/p>\n<p><strong>Aceita\u00e7\u00e3o e altera\u00e7\u00f5es a esta pol\u00edtica de privacidade<\/strong><\/p>\n<p>\u00c9 necess\u00e1rio que o Utilizador tenha lido e esteja de acordo com as condi\u00e7\u00f5es de prote\u00e7\u00e3o de dados pessoais contidas nesta Pol\u00edtica de Privacidade, bem como que aceite o tratamento dos seus dados pessoais para que a empresa possa proceder ao mesmo na forma, durante os per\u00edodos e para os fins indicados. O uso do Site (<a href=\"https:\/\/clairetool.com\/\">https:\/\/clairetool.com\/<\/a> e <a href=\"https:\/\/app.clairetool.com\/\">https:\/\/app.clairetool.com\/<\/a>) implicar\u00e1 na aceita\u00e7\u00e3o desta Pol\u00edtica de Privacidade.<\/p>\n<p>A empresa reserva-se o direito de modificar a sua Pol\u00edtica de Privacidade, segundo crit\u00e9rios pr\u00f3prios, ou motivada por altera\u00e7\u00f5es legislativas, jurisprudencial ou doutrin\u00e1ria da Comiss\u00e3o Nacional de Prote\u00e7\u00e3o de Dados. Altera\u00e7\u00f5es ou atualiza\u00e7\u00f5es desta Pol\u00edtica de Privacidade ser\u00e3o notificadas explicitamente ao Utilizador.<\/p>\n<p>Esta Pol\u00edtica de Privacidade \u00e9 atualizada para se adaptar ao Regulamento (UE) 2016\/679 do Parlamento Europeu e do Conselho, de 27 de abril de 2016, relativo \u00e0 prote\u00e7\u00e3o das pessoas singulares no que diz respeito ao tratamento de dados pessoais e \u00e0 livre circula\u00e7\u00e3o destes dados (RGPD).<\/p>\n<p><\/p>\t\t\t\t\t\t\t\t<\/div>\n\t\t\t\t<\/div>\n\t\t\t\t\t<\/div>\n\t\t<\/div>\n\t\t\t\t\t<\/div>\n\t\t<\/section>\n\t\t\t\t<\/div>\n\t\t","protected":false},"excerpt":{"rendered":"<p>POL\u00cdTICA DE PRIVACIDADE E PROTE\u00c7\u00c3O DE DADOS Respeitando o disposto na legisla\u00e7\u00e3o em vigor, a empresa compromete-se a adotar as medidas t\u00e9cnicas e organizativas necess\u00e1rias, de acordo com o n\u00edvel de seguran\u00e7a adequado ao risco dos dados recolhidos. Leis incorporadas nesta pol\u00edtica de privacidade Esta pol\u00edtica de privacidade est\u00e1 adaptada aos regulamentos europeus atuais sobre&hellip;<\/p>\n","protected":false},"author":1,"featured_media":0,"parent":0,"menu_order":0,"comment_status":"closed","ping_status":"closed","template":"","meta":{"footnotes":""},"class_list":["post-1824","page","type-page","status-publish","hentry"],"_links":{"self":[{"href":"https:\/\/clairetool.com\/pt-pt\/wp-json\/wp\/v2\/pages\/1824","targetHints":{"allow":["GET"]}}],"collection":[{"href":"https:\/\/clairetool.com\/pt-pt\/wp-json\/wp\/v2\/pages"}],"about":[{"href":"https:\/\/clairetool.com\/pt-pt\/wp-json\/wp\/v2\/types\/page"}],"author":[{"embeddable":true,"href":"https:\/\/clairetool.com\/pt-pt\/wp-json\/wp\/v2\/users\/1"}],"replies":[{"embeddable":true,"href":"https:\/\/clairetool.com\/pt-pt\/wp-json\/wp\/v2\/comments?post=1824"}],"version-history":[{"count":7,"href":"https:\/\/clairetool.com\/pt-pt\/wp-json\/wp\/v2\/pages\/1824\/revisions"}],"predecessor-version":[{"id":2185,"href":"https:\/\/clairetool.com\/pt-pt\/wp-json\/wp\/v2\/pages\/1824\/revisions\/2185"}],"wp:attachment":[{"href":"https:\/\/clairetool.com\/pt-pt\/wp-json\/wp\/v2\/media?parent=1824"}],"curies":[{"name":"wp","href":"https:\/\/api.w.org\/{rel}","templated":true}]}}