{"id":923,"date":"2021-10-20T11:44:07","date_gmt":"2021-10-20T11:44:07","guid":{"rendered":"https:\/\/devweb.clairetool.com\/?page_id=923"},"modified":"2021-10-28T09:47:16","modified_gmt":"2021-10-28T09:47:16","slug":"presbyopia","status":"publish","type":"page","link":"https:\/\/clairetool.com\/es\/presbyopia\/","title":{"rendered":"Presbicia"},"content":{"rendered":"\t\t<div data-elementor-type=\"wp-page\" data-elementor-id=\"923\" class=\"elementor elementor-923\" data-elementor-post-type=\"page\">\n\t\t\t\t\t\t<section class=\"has_eae_slider elementor-section elementor-top-section elementor-element elementor-element-5f12c48 elementor-section-boxed elementor-section-height-default elementor-section-height-default\" data-eae-slider=\"61812\" data-id=\"5f12c48\" data-element_type=\"section\">\n\t\t\t\t\t\t<div class=\"elementor-container elementor-column-gap-default\">\n\t\t\t\t\t<div class=\"has_eae_slider elementor-column elementor-col-100 elementor-top-column elementor-element elementor-element-904f7b9\" data-eae-slider=\"61375\" data-id=\"904f7b9\" data-element_type=\"column\">\n\t\t\t<div class=\"elementor-widget-wrap elementor-element-populated\">\n\t\t\t\t\t\t<div class=\"elementor-element elementor-element-06c8128 elementor-widget elementor-widget-heading\" data-id=\"06c8128\" data-element_type=\"widget\" data-widget_type=\"heading.default\">\n\t\t\t\t<div class=\"elementor-widget-container\">\n\t\t\t\t\t<h2 class=\"elementor-heading-title elementor-size-default\">\u00a1\u00a1Pr\u00f3ximamente!!<\/h2>\t\t\t\t<\/div>\n\t\t\t\t<\/div>\n\t\t\t\t<div class=\"elementor-element elementor-element-8091c29 elementor-widget elementor-widget-text-editor\" data-id=\"8091c29\" data-element_type=\"widget\" id=\"text_stay_updated\" data-widget_type=\"text-editor.default\">\n\t\t\t\t<div class=\"elementor-widget-container\">\n\t\t\t\t\t\t\t\t\t<p style=\"text-align: center;\">Mant\u00e9ngase al d\u00eda para nuevos lanzamientos: <span style=\"color: #396099;\"><a style=\"color: #396099;\" href=\"mailto:info@clairetool.com\">info@clairetool.com<\/a><\/span><\/p>\t\t\t\t\t\t\t\t<\/div>\n\t\t\t\t<\/div>\n\t\t\t\t\t<\/div>\n\t\t<\/div>\n\t\t\t\t\t<\/div>\n\t\t<\/section>\n\t\t\t\t<section class=\"has_eae_slider elementor-section elementor-top-section elementor-element elementor-element-35f5f141 elementor-section-full_width elementor-section-height-min-height elementor-section-stretched animated-slow elementor-section-height-default elementor-section-items-middle elementor-invisible\" data-eae-slider=\"83107\" data-id=\"35f5f141\" data-element_type=\"section\" data-settings=\"{&quot;stretch_section&quot;:&quot;section-stretched&quot;,&quot;background_background&quot;:&quot;classic&quot;,&quot;animation&quot;:&quot;slideInLeft&quot;,&quot;animation_delay&quot;:100}\">\n\t\t\t\t\t\t<div class=\"elementor-container elementor-column-gap-default\">\n\t\t\t\t\t<div class=\"has_eae_slider elementor-column elementor-col-100 elementor-top-column elementor-element elementor-element-1c36a458\" data-eae-slider=\"34044\" data-id=\"1c36a458\" data-element_type=\"column\">\n\t\t\t<div class=\"elementor-widget-wrap\">\n\t\t\t\t\t\t\t<\/div>\n\t\t<\/div>\n\t\t\t\t\t<\/div>\n\t\t<\/section>\n\t\t\t\t<section class=\"has_eae_slider elementor-section elementor-top-section elementor-element elementor-element-256b67a0 elementor-section-full_width elementor-section-height-min-height elementor-section-stretched animated-slow elementor-section-height-default elementor-section-items-middle elementor-invisible\" data-eae-slider=\"38516\" data-id=\"256b67a0\" data-element_type=\"section\" data-settings=\"{&quot;stretch_section&quot;:&quot;section-stretched&quot;,&quot;background_background&quot;:&quot;classic&quot;,&quot;animation&quot;:&quot;slideInRight&quot;,&quot;animation_delay&quot;:100}\">\n\t\t\t\t\t\t<div class=\"elementor-container elementor-column-gap-default\">\n\t\t\t\t\t<div class=\"has_eae_slider elementor-column elementor-col-100 elementor-top-column elementor-element elementor-element-4124c035\" data-eae-slider=\"77095\" data-id=\"4124c035\" data-element_type=\"column\">\n\t\t\t<div class=\"elementor-widget-wrap\">\n\t\t\t\t\t\t\t<\/div>\n\t\t<\/div>\n\t\t\t\t\t<\/div>\n\t\t<\/section>\n\t\t\t\t<\/div>\n\t\t","protected":false},"excerpt":{"rendered":"<p>\u00a1\u00a1Pr\u00f3ximamente!! Mant\u00e9ngase al d\u00eda para nuevos lanzamientos: info@clairetool.com<\/p>\n","protected":false},"author":1,"featured_media":0,"parent":0,"menu_order":0,"comment_status":"closed","ping_status":"closed","template":"","meta":{"footnotes":""},"class_list":["post-923","page","type-page","status-publish","hentry"],"_links":{"self":[{"href":"https:\/\/clairetool.com\/es\/wp-json\/wp\/v2\/pages\/923","targetHints":{"allow":["GET"]}}],"collection":[{"href":"https:\/\/clairetool.com\/es\/wp-json\/wp\/v2\/pages"}],"about":[{"href":"https:\/\/clairetool.com\/es\/wp-json\/wp\/v2\/types\/page"}],"author":[{"embeddable":true,"href":"https:\/\/clairetool.com\/es\/wp-json\/wp\/v2\/users\/1"}],"replies":[{"embeddable":true,"href":"https:\/\/clairetool.com\/es\/wp-json\/wp\/v2\/comments?post=923"}],"version-history":[{"count":44,"href":"https:\/\/clairetool.com\/es\/wp-json\/wp\/v2\/pages\/923\/revisions"}],"predecessor-version":[{"id":1706,"href":"https:\/\/clairetool.com\/es\/wp-json\/wp\/v2\/pages\/923\/revisions\/1706"}],"wp:attachment":[{"href":"https:\/\/clairetool.com\/es\/wp-json\/wp\/v2\/media?parent=923"}],"curies":[{"name":"wp","href":"https:\/\/api.w.org\/{rel}","templated":true}]}}