{"id":2156,"date":"2022-01-28T11:24:34","date_gmt":"2022-01-28T11:24:34","guid":{"rendered":"https:\/\/clairetool.com\/?page_id=2156"},"modified":"2022-01-28T11:34:36","modified_gmt":"2022-01-28T11:34:36","slug":"cokies","status":"publish","type":"page","link":"https:\/\/clairetool.com\/es\/cokies\/","title":{"rendered":"Cookies"},"content":{"rendered":"\t\t<div data-elementor-type=\"wp-page\" data-elementor-id=\"2156\" class=\"elementor elementor-2156\" data-elementor-post-type=\"page\">\n\t\t\t\t\t\t<section class=\"has_eae_slider elementor-section elementor-top-section elementor-element elementor-element-fb5f8f3 elementor-section-boxed elementor-section-height-default elementor-section-height-default\" data-eae-slider=\"63544\" data-id=\"fb5f8f3\" data-element_type=\"section\">\n\t\t\t\t\t\t<div class=\"elementor-container elementor-column-gap-default\">\n\t\t\t\t\t<div class=\"has_eae_slider elementor-column elementor-col-100 elementor-top-column elementor-element elementor-element-1d9660b\" data-eae-slider=\"38170\" data-id=\"1d9660b\" data-element_type=\"column\">\n\t\t\t<div class=\"elementor-widget-wrap elementor-element-populated\">\n\t\t\t\t\t\t<div class=\"elementor-element elementor-element-4eb40dd elementor-widget elementor-widget-text-editor\" data-id=\"4eb40dd\" data-element_type=\"widget\" data-widget_type=\"text-editor.default\">\n\t\t\t\t<div class=\"elementor-widget-container\">\n\t\t\t\t\t\t\t\t\t<h1>COOKIES<\/h1><div>\u00a0<\/div><ol><li><strong><u>\u00bfQu\u00e9 son las cookies?<\/u><\/strong><\/li><\/ol><p>El sitio web <a href=\"http:\/\/www.clairetool.com\">*.clairetool.com<\/a> (en adelante el Sitio Web) utiliza Cookies. Las Cookies son ficheros enviados a un navegador por medio de un servidor web para registrar las actividades del Usuario en una web determinada. La primera finalidad de las Cookies es la de facilitar al usuario un acceso m\u00e1s r\u00e1pido a los servicios seleccionados. Adem\u00e1s, las Cookies personalizan los servicios que ofrece el Sitio Web, facilitando y ofreciendo a cada usuario informaci\u00f3n que es de su inter\u00e9s o que puede ser de su inter\u00e9s, en atenci\u00f3n al uso que realiza de los Servicios.<\/p><p>\u00a0<\/p><p>El Sitio Web utiliza Cookies para personalizar y facilitar al m\u00e1ximo la navegaci\u00f3n del usuario. Las Cookies se asocian \u00fanicamente a un usuario an\u00f3nimo y su ordenador y no proporcionan referencias que permitan deducir datos personales del usuario. El usuario podr\u00e1 configurar su navegador para que notifique y rechace la instalaci\u00f3n de las Cookies enviadas por el Sitio Web, sin que ello perjudique la posibilidad del usuario de acceder a los contenidos de dicho Sitio Web. Sin embargo, le hacemos notar que, en todo caso, la calidad de funcionamiento de la p\u00e1gina Web puede disminuir.<\/p><p>\u00a0<\/p><p>Los usuarios registrados, que se registren o que hayan iniciado sesi\u00f3n, podr\u00e1n beneficiarse de unos servicios m\u00e1s personalizados y orientados a su perfil, gracias a la combinaci\u00f3n de los datos almacenados en las cookies con los datos personales utilizados en el momento de su registro. Dichos usuarios autorizan expresamente el uso de esta informaci\u00f3n con la finalidad indicada, sin perjuicio de su derecho a rechazar o deshabilitar el uso de cookies.<\/p><p>\u00a0<\/p><p>Asimismo, el Sitio Web podr\u00e1 saber todos los servicios solicitados por los usuarios, de forma que podr\u00e1n facilitar u ofrecer informaci\u00f3n adecuada a los gustos y preferencias de cada usuario.<\/p><p>\u00a0<\/p><ol start=\"2\"><li><strong><u>\u00bfQu\u00e9 tipos de cookies existen?<\/u><\/strong><\/li><\/ol><p><strong>\u00a0<\/strong><\/p><p>Para una mayor informaci\u00f3n del usuario sobre la tipolog\u00eda y uso de las cookies le informamos que:<\/p><p>Desde el punto de vista de\u00a0 <strong>\u2018tiempo de vida\u2019 de la cookie<\/strong> (tiempo que la cookie permanece activa en nuestro equipo) podemos diferenciar las cookies entre:<\/p><ul><li><strong>Cookies de sesi\u00f3n:<\/strong> son cookies temporales que permanecen en el archivo de cookies de su navegador hasta que abandone el Sitio Web, por lo que ninguna queda registrada en el disco duro del usuario. La informaci\u00f3n obtenida por medio de estas cookies, sirven para analizar pautas de tr\u00e1fico en la web. A la larga, esto nos permite proporcionar una mejor experiencia para mejorar el contenido y facilitando su uso.<\/li><li><strong>Cookies permanentes:<\/strong> son almacenadas en el disco duro y nuestra web las lee cada vez que usted realiza una nueva visita. Una cookie permanente posee una fecha de expiraci\u00f3n determinada. La cookie dejar\u00e1 de funcionar despu\u00e9s de esa fecha. Las utilizamos, generalmente, para facilitar los servicios de compra y registro.<\/li><\/ul><p>Desde el punto de vista del uso<strong> de cada cookie<\/strong>, podemos diferenciar entre:<\/p><ul><li><strong>Cookies Requeridas:<\/strong> son las cookies estrictamente necesarias como, por ejemplo, aquellas que sirvan para una correcta navegaci\u00f3n o las que permitan realizar el pago de bienes o servicios solicitados por el usuario o cookies que sirvan para asegurar que el contenido de la p\u00e1gina web se carga eficazmente.<\/li><\/ul><p>Dentro de la categor\u00eda de cookies Requeridas se pueden encontrar tambi\u00e9n cookies con las siguientes finalidades:<\/p><ul><li>Permitir \u00fanicamente la comunicaci\u00f3n entre el equipo del usuario y la red.<\/li><li>Estrictamente prestar un servicio expresamente solicitado por el usuario.<\/li><\/ul><p>En estos dos casos le informamos que no se requiere la informaci\u00f3n y el consentimiento del usuario para la instalaci\u00f3n de las referidas cookies. En concreto, seg\u00fan el Grupo de Trabajo de Expertos de la UE, en el Art\u00edculo 29 de su Dictamen 4\/20123 ha interpretado que entre las cookies exceptuadas estar\u00edan aquellas que tienen por finalidad:<\/p><ul><li>Cookies de \u201centrada del usuario\u201d<\/li><li>Cookies de autenticaci\u00f3n o identificaci\u00f3n de usuario (\u00fanicamente de sesi\u00f3n)<\/li><li>Cookies de seguridad del usuario<\/li><li>Cookies de sesi\u00f3n de reproductor multimedia<\/li><li>Cookies de sesi\u00f3n para equilibrar la carga<\/li><li>Cookies de personalizaci\u00f3n de la interfaz de usuario<\/li><li>Cookies de complemento (plug-in) para intercambiar contenidos sociales<\/li><\/ul><p><strong>Para todo el resto de cookies Requeridas no incluidas en los anteriores supuestos requerir\u00e1n la informaci\u00f3n previa y el consentimiento del usuario.<\/strong><\/p><ul><li><strong>Cookies funcionales:<\/strong> son cookies que ayudan al usuario a tener una mejor experiencia de la navegaci\u00f3n por el sitio. Un ejemplo de uso de este tipo de cookies son las que se utilizan para almacenar los datos de navegaci\u00f3n de un determinado idioma.<\/li><li><strong>Cookies anal\u00edticas:<\/strong> son cookies que nos permiten analizar el uso del Sitio web, de manera que podamos medir y mejorar el funcionamiento.<\/li><li><strong>Cookies de Publicidad y de Terceros:<\/strong> son las cookies usadas por redes sociales, o por complementos externos de contenido como Google Maps como tambi\u00e9n cookies de empresas publicitarias para publicar anuncios relevantes para sus intereses.<\/li><li>CLERIGO &amp; LOPES, LDA. guarda toda la informaci\u00f3n recogida a trav\u00e9s de las Cookies en un formato no personalizado (direcci\u00f3n de IP). Este tipo de informaci\u00f3n obtenida a trav\u00e9s de las Cookies no ser\u00e1 revelada fuera de CLERIGO &amp; LOPES, LDA, ni utilizada para comunicaciones no solicitadas.<\/li><\/ul><p><strong>Privacidad adecuada\u2013 Gesti\u00f3n de cookies:<\/strong><\/p><p>En caso de que el usuario lo quisiera, el registro de las cookies podr\u00e1 estar sujeto a su aceptaci\u00f3n durante la instalaci\u00f3n o puesta al d\u00eda del navegador usado. El usuario puede en todo momento revocar su aceptaci\u00f3n mediante las opciones de configuraci\u00f3n de contenidos y privacidad disponibles en cada navegador. No obstante, en caso de que el usuario no permita la instalaci\u00f3n de cookies en su navegador es posible que no pueda acceder a alguna de las secciones de nuestro sitio web.<\/p><p>Para m\u00e1s informaci\u00f3n sobre la configuraci\u00f3n apropiada de las cookies y las opciones de activaci\u00f3n, restricci\u00f3n y\/o inhabilitaci\u00f3n se debe acudir en la secci\u00f3n de ayuda de su navegador para conocer m\u00e1s:<\/p><ul><li>M\u00e1s informaci\u00f3n sobre como bloquear el uso de las cookies en Google Chrome<\/li><li>M\u00e1s informaci\u00f3n sobre como bloquear el uso de las cookies en Firefox<\/li><li>M\u00e1s informaci\u00f3n sobre como bloquear el uso de las cookies en Safari<\/li><li>M\u00e1s informaci\u00f3n sobre como bloquear el uso de las cookies en Blackberry<\/li><li>M\u00e1s informaci\u00f3n sobre como bloquear el uso de las cookies en WindowsPhone<\/li><\/ul><p>Muchos navegadores permiten activar un modo privado mediante el cual las cookies se borran siempre despu\u00e9s de su visita. Dependiendo de cada navegador este modo privado, puede tener diferentes nombres. A continuaci\u00f3n, encontrar\u00e1 una lista de los navegadores m\u00e1s comunes y los diferentes nombres de este \u201cmodo privado\u201d:<\/p><ul><li>Internet Explorer 8 y superior; InPrivate<\/li><li>Safari 2 y superior; Navegaci\u00f3n Privada<\/li><li>Opera 10.5 y superior; Navegaci\u00f3n Privada<\/li><li>FireFox 3.5 y superior; Navegaci\u00f3n Privada<\/li><li>Google Chrome 10 y superior; Inc\u00f3gnito<\/li><\/ul><ul><li>Para conocer m\u00e1s sobre las cookies de Google Analytics y c\u00f3mo darlas de baja visitar <a href=\"https:\/\/policies.google.com\/privacy?hl=es-419#infodelete\">https:\/\/policies.google.com\/privacy?hl=es-419#infodelete<\/a><\/li><\/ul><ol start=\"3\"><li><strong><u>\u00bfQu\u00e9 cookies utilizamos?<\/u><\/strong><\/li><\/ol><p><strong>\u00a0<\/strong><\/p><p>Una cookie es un fragmento peque\u00f1o de datos (archivos de texto) que un sitio web, cuando es visitado por un usuario, le pregunta a su navegador para almacenarse en su dispositivo y as\u00ed recordar informaci\u00f3n acerca de usted, como por ejemplo la preferencia de idioma o su informaci\u00f3n para iniciar sesi\u00f3n. Estas cookies son establecidas por nosotros, y se llaman cookies de primeras partes. Tambi\u00e9n usamos cookies de terceras partes (que son cookies de un dominio diferente al dominio del sitio web que est\u00e1 visitando) para nuestros estudios de anuncios y marketing. Espec\u00edficamente, usamos las cookies y otras tecnolog\u00edas de seguimiento para los siguientes prop\u00f3sitos:<\/p><p>\u00a0<\/p><p><strong>Cookies dirigidas<\/strong><\/p><p>Estas cookies pueden estar en todo el sitio web, colocadas por nuestros socios publicitarios. Estos negocios pueden utilizarlas para crear un perfil de sus intereses y mostrarle anuncios relevantes en otros sitios. No almacenan informaci\u00f3n personal directamente, sino que se basan en la identificaci\u00f3n \u00fanica de su navegador y dispositivo de acceso al Internet. Si no permite estas cookies, tendr\u00e1 menos publicidad dirigida.<\/p><p>\u00a0<\/p><p>[Google Analytics &#8211; ga_]<\/p><p>\u00a0<\/p><p><strong>Cookies de funcionalidad<\/strong><\/p><p>Estas cookies permiten que el sitio ofrezca una mejor funcionalidad y personalizaci\u00f3n. Pueden ser establecidas por nosotros o por terceras partes cuyos servicios hemos agregado a nuestras p\u00e1ginas. Si no permite estas cookies algunos de nuestros servicios no funcionar\u00e1n correctamente.<\/p><p>\u00a0<\/p><p>[No utilizamos cookies]<\/p><p>\u00a0<\/p><p><strong>Cookies de rendimiento<\/strong><\/p><p>Estas cookies nos permiten contar las visitas y fuentes de circulaci\u00f3n para poder medir y mejorar el desempe\u00f1o de nuestro sitio. Nos ayudan a saber qu\u00e9 p\u00e1ginas son las m\u00e1s o menos populares, y ver cu\u00e1ntas personas visitan el sitio. Toda la informaci\u00f3n que recogen estas cookies es agregada y, por lo tanto, an\u00f3nima. Si no permite estas cookies no sabremos cu\u00e1ndo visit\u00f3 nuestro sitio.<\/p><p>\u00a0<\/p><p>[No utilizamos cookies]<\/p><p>\u00a0<\/p><p>\u00a0<\/p><p><strong>Cookies estrictamente necesarias<\/strong><\/p><p>Estas cookies son necesarias para que el sitio web funcione y no se pueden desactivar en nuestros sistemas. Usualmente est\u00e1n configuradas para responder a acciones hechas por usted para recibir servicios, tales como ajustar sus preferencias de privacidad, iniciar sesi\u00f3n en el sitio, o llenar formularios. Usted puede configurar su navegador para bloquear o alertar la presencia de estas cookies, pero algunas partes del sitio web no funcionar\u00e1n. Estas cookies no guardan ninguna informaci\u00f3n personal identificable.<\/p><p>\u00a0<\/p><p>[No utilizamos cookies]<\/p><p>\u00a0<\/p><p><em>\u00a0<\/em><\/p><p>\u00a0<\/p><ol start=\"4\"><li><strong><u>\u00bfSe pueden producir modificaciones de la Pol\u00edtica de Cookies?<\/u><\/strong><\/li><\/ol><p><strong>\u00a0<\/strong><\/p><p>El Sitio Web puede modificar esta Pol\u00edtica de Cookies en funci\u00f3n de las exigencias legislativas, reglamentarias, o con la finalidad de adaptar dicha pol\u00edtica a las instrucciones dictadas por el Parlamento Europeo, relativas a la protecci\u00f3n de las personas f\u00edsicas en lo que respecta al tratamiento de datos personales y a la libre circulaci\u00f3n de estos datos (RGPD), por ello se aconseja a los usuarios que la visiten peri\u00f3dicamente.<\/p><p>\u00a0<\/p><p>Cuando se produzcan cambios significativos en esta Pol\u00edtica de <em>Cookies<\/em>, se comunicar\u00e1n a los usuarios bien mediante la web o a trav\u00e9s de correo electr\u00f3nico a los usuarios registrados.<\/p><p>\u00a0<\/p>\t\t\t\t\t\t\t\t<\/div>\n\t\t\t\t<\/div>\n\t\t\t\t\t<\/div>\n\t\t<\/div>\n\t\t\t\t\t<\/div>\n\t\t<\/section>\n\t\t\t\t<\/div>\n\t\t","protected":false},"excerpt":{"rendered":"<p>COOKIES \u00bfQu\u00e9 son las cookies? El sitio web *.clairetool.com (en adelante el Sitio Web) utiliza Cookies. Las Cookies son ficheros enviados a un navegador por medio de un servidor web para registrar las actividades del Usuario en una web determinada. La primera finalidad de las Cookies es la de facilitar al usuario un acceso m\u00e1s&hellip;<\/p>\n","protected":false},"author":1,"featured_media":0,"parent":0,"menu_order":0,"comment_status":"closed","ping_status":"closed","template":"","meta":{"footnotes":""},"class_list":["post-2156","page","type-page","status-publish","hentry"],"_links":{"self":[{"href":"https:\/\/clairetool.com\/es\/wp-json\/wp\/v2\/pages\/2156","targetHints":{"allow":["GET"]}}],"collection":[{"href":"https:\/\/clairetool.com\/es\/wp-json\/wp\/v2\/pages"}],"about":[{"href":"https:\/\/clairetool.com\/es\/wp-json\/wp\/v2\/types\/page"}],"author":[{"embeddable":true,"href":"https:\/\/clairetool.com\/es\/wp-json\/wp\/v2\/users\/1"}],"replies":[{"embeddable":true,"href":"https:\/\/clairetool.com\/es\/wp-json\/wp\/v2\/comments?post=2156"}],"version-history":[{"count":11,"href":"https:\/\/clairetool.com\/es\/wp-json\/wp\/v2\/pages\/2156\/revisions"}],"predecessor-version":[{"id":2181,"href":"https:\/\/clairetool.com\/es\/wp-json\/wp\/v2\/pages\/2156\/revisions\/2181"}],"wp:attachment":[{"href":"https:\/\/clairetool.com\/es\/wp-json\/wp\/v2\/media?parent=2156"}],"curies":[{"name":"wp","href":"https:\/\/api.w.org\/{rel}","templated":true}]}}