{"id":2111,"date":"2021-12-02T10:41:31","date_gmt":"2021-12-02T10:41:31","guid":{"rendered":"https:\/\/clairetool.com\/?page_id=2111"},"modified":"2022-01-28T11:19:27","modified_gmt":"2022-01-28T11:19:27","slug":"aviso-legal","status":"publish","type":"page","link":"https:\/\/clairetool.com\/es\/aviso-legal\/","title":{"rendered":"Aviso Legal"},"content":{"rendered":"\t\t<div data-elementor-type=\"wp-page\" data-elementor-id=\"2111\" class=\"elementor elementor-2111\" data-elementor-post-type=\"page\">\n\t\t\t\t\t\t<section class=\"has_eae_slider elementor-section elementor-top-section elementor-element elementor-element-00e4a1e elementor-section-boxed elementor-section-height-default elementor-section-height-default\" data-eae-slider=\"38360\" data-id=\"00e4a1e\" data-element_type=\"section\">\n\t\t\t\t\t\t<div class=\"elementor-container elementor-column-gap-default\">\n\t\t\t\t\t<div class=\"has_eae_slider elementor-column elementor-col-100 elementor-top-column elementor-element elementor-element-df62a36\" data-eae-slider=\"72295\" data-id=\"df62a36\" data-element_type=\"column\">\n\t\t\t<div class=\"elementor-widget-wrap elementor-element-populated\">\n\t\t\t\t\t\t<div class=\"elementor-element elementor-element-4a302db elementor-widget elementor-widget-text-editor\" data-id=\"4a302db\" data-element_type=\"widget\" data-widget_type=\"text-editor.default\">\n\t\t\t\t<div class=\"elementor-widget-container\">\n\t\t\t\t\t\t\t\t\t<h1>AVISO LEGAL<\/h1><p>La titularidad de este sitio web, <a href=\"http:\/\/www.clairetool.com\">*.clairetool.com<\/a>, (en adelante, Sitio Web) la ostenta: CL\u00c9RIGO &amp; LOPES, LDA. (en adelante La empresa), provista de NIF: 516373838 e inscrita en: Conservatoria do Registo Comercial R.N.P.C. (Portugal), cuyo representante es: Rafael Cl\u00e9rigo Gon\u00e7alves, y cuyos datos de contacto son:<\/p><p>\u00a0<\/p><p>Direcci\u00f3n:<br \/>Rua Rog\u00e9rio Figueiroa Rego, 153, 1 Dto<br \/>2565-814 &#8211; Turcifal; Torres Vedras (Portugal)<br \/>Tel\u00e9fono de contacto: +351 261 404 802<br \/>Email de contacto: <a href=\"mailto:info@clairetool.com\">info@clairetool.com<\/a><\/p><p>\u00a0<\/p><ol><li>com es una plataforma de aplicaciones web que proporciona herramientas de c\u00e1lculo para ayudar a los profesionales de la salud visual (Usuario) en la adaptaci\u00f3n de lentes de contacto especiales. Para la prestaci\u00f3n de servicios de c\u00e1lculo y asistencia t\u00e9cnica virtual, se requiere la compra previa de cr\u00e9ditos\/tokens que permitan el acceso y uso de estas aplicaciones web.<\/li><\/ol><p>\u00a0<\/p><ol start=\"2\"><li>Las presentes condiciones generales de venta son pactadas entre CL\u00c9RIGO &amp; LOPES, LDA., con domicilio social en RUA ROG\u00c9RIO FIGUEIROA REGO, N.\u00ba 153, 1.\u00ba DTO, 2565-814 TURCIFAL (TORRES VEDRAS &#8211; PORTUGAL), CIF 516 373 838 y contacto +351 261 404 802, en adelante denominada \u201cEMPRESA\u201d y las personas que deseen realizar compras a trav\u00e9s del Sitio Web en adelante denominado \u201cUsuario\u201d.<\/li><\/ol><p>\u00a0<\/p><ol start=\"3\"><li>Las partes acuerdan que las compras realizadas a trav\u00e9s del Sitio Web se regir\u00e1n exclusivamente por este contrato, excluyendo las condiciones previamente disponibles en el Sitio Web.<\/li><\/ol><p>\u00a0<\/p><p>De la misma manera, siendo la actividad ejercida por La empresa una actividad regulada se hace constar que, como tal, est\u00e1 en posesi\u00f3n de:<\/p><p>Licenciatura en Optometr\u00eda y Ciencias de la Visi\u00f3n por la Universidad do Minho (Portugal)<br \/>MSc en Adaptaci\u00f3n Avanzada de Lentes de Contacto por la Universitat de Valencia y otras formaciones espec\u00edficas relacionadas con la constante especializaci\u00f3n en Contactolog\u00eda Avanzada.<br \/>N\u00ba de colegiado en el Colegio Nacional de \u00d3pticos-Optometristas de Espa\u00f1a: 19.459<\/p><p>La empresa est\u00e1 adherida a: C\u00f3digo Deontol\u00f3gico de \u00d3pticos-Optometristas (Espa\u00f1a) cuya aprobaci\u00f3n viene dada por el organismo siguiente: Colegio Nacional de \u00d3pticos-Optometristas y que se puede consultar en el sitio web: <a href=\"https:\/\/www.cnoo.es\/codigo-deontologico\">https:\/\/www.cnoo.es\/codigo-deontologico<\/a>.<\/p>\t\t\t\t\t\t\t\t<\/div>\n\t\t\t\t<\/div>\n\t\t\t\t\t<\/div>\n\t\t<\/div>\n\t\t\t\t\t<\/div>\n\t\t<\/section>\n\t\t\t\t<\/div>\n\t\t","protected":false},"excerpt":{"rendered":"<p>AVISO LEGAL La titularidad de este sitio web, *.clairetool.com, (en adelante, Sitio Web) la ostenta: CL\u00c9RIGO &amp; LOPES, LDA. (en adelante La empresa), provista de NIF: 516373838 e inscrita en: Conservatoria do Registo Comercial R.N.P.C. (Portugal), cuyo representante es: Rafael Cl\u00e9rigo Gon\u00e7alves, y cuyos datos de contacto son: \u00a0 Direcci\u00f3n:Rua Rog\u00e9rio Figueiroa Rego, 153, 1&hellip;<\/p>\n","protected":false},"author":1,"featured_media":0,"parent":0,"menu_order":0,"comment_status":"closed","ping_status":"closed","template":"","meta":{"footnotes":""},"class_list":["post-2111","page","type-page","status-publish","hentry"],"_links":{"self":[{"href":"https:\/\/clairetool.com\/es\/wp-json\/wp\/v2\/pages\/2111","targetHints":{"allow":["GET"]}}],"collection":[{"href":"https:\/\/clairetool.com\/es\/wp-json\/wp\/v2\/pages"}],"about":[{"href":"https:\/\/clairetool.com\/es\/wp-json\/wp\/v2\/types\/page"}],"author":[{"embeddable":true,"href":"https:\/\/clairetool.com\/es\/wp-json\/wp\/v2\/users\/1"}],"replies":[{"embeddable":true,"href":"https:\/\/clairetool.com\/es\/wp-json\/wp\/v2\/comments?post=2111"}],"version-history":[{"count":16,"href":"https:\/\/clairetool.com\/es\/wp-json\/wp\/v2\/pages\/2111\/revisions"}],"predecessor-version":[{"id":2146,"href":"https:\/\/clairetool.com\/es\/wp-json\/wp\/v2\/pages\/2111\/revisions\/2146"}],"wp:attachment":[{"href":"https:\/\/clairetool.com\/es\/wp-json\/wp\/v2\/media?parent=2111"}],"curies":[{"name":"wp","href":"https:\/\/api.w.org\/{rel}","templated":true}]}}